{"id":4535,"date":"2017-02-22T18:16:49","date_gmt":"2017-02-22T18:16:49","guid":{"rendered":"http:\/\/coupon-forgedistribution.flywheelsites.com\/coupon-savigns\/"},"modified":"2017-05-04T14:56:26","modified_gmt":"2017-05-04T14:56:26","slug":"coupon-rabais","status":"publish","type":"page","link":"http:\/\/coupon.forgedistribution.com\/fr\/","title":{"rendered":"Coupon Rabais"},"content":{"rendered":"","protected":false},"excerpt":{"rendered":"","protected":false},"author":1,"featured_media":0,"parent":0,"menu_order":0,"comment_status":"closed","ping_status":"closed","template":"page-templates\/coupon-page.php","meta":{"inline_featured_image":false},"acf":[],"yoast_head":"<!-- This site is optimized with the Yoast SEO plugin v20.4 - https:\/\/yoast.com\/wordpress\/plugins\/seo\/ -->\n<title>Coupon Rabais<\/title>\n<meta name=\"description\" content=\"Vous \u00eates \u00e0 la recherche d&#039;un nouveau foyer, po\u00eale ou encastrable? Cliquez ici pour recevoir un rabais de 100$ pour votre prochain achat!\" \/>\n<meta name=\"robots\" content=\"index, follow, max-snippet:-1, max-image-preview:large, max-video-preview:-1\" \/>\n<link rel=\"canonical\" href=\"http:\/\/coupon.forgedistribution.com\/fr\/\" \/>\n<meta property=\"og:locale\" content=\"fr_FR\" \/>\n<meta property=\"og:type\" content=\"article\" \/>\n<meta property=\"og:title\" content=\"Coupon Rabais\" \/>\n<meta property=\"og:description\" content=\"Vous \u00eates \u00e0 la recherche d&#039;un nouveau foyer, po\u00eale ou encastrable? Cliquez ici pour recevoir un rabais de 100$ pour votre prochain achat!\" \/>\n<meta property=\"og:url\" content=\"http:\/\/coupon.forgedistribution.com\/fr\/\" \/>\n<meta property=\"og:site_name\" content=\"Forge Distribution\" \/>\n<meta property=\"article:modified_time\" content=\"2017-05-04T14:56:26+00:00\" \/>\n<meta name=\"twitter:card\" content=\"summary_large_image\" \/>\n<script type=\"application\/ld+json\" class=\"yoast-schema-graph\">{\"@context\":\"https:\/\/schema.org\",\"@graph\":[{\"@type\":\"WebPage\",\"@id\":\"http:\/\/coupon.forgedistribution.com\/fr\/\",\"url\":\"http:\/\/coupon.forgedistribution.com\/fr\/\",\"name\":\"Coupon Rabais\",\"isPartOf\":{\"@id\":\"http:\/\/coupon.forgedistribution.com\/fr\/#website\"},\"datePublished\":\"2017-02-22T18:16:49+00:00\",\"dateModified\":\"2017-05-04T14:56:26+00:00\",\"description\":\"Vous \u00eates \u00e0 la recherche d'un nouveau foyer, po\u00eale ou encastrable? Cliquez ici pour recevoir un rabais de 100$ pour votre prochain achat!\",\"breadcrumb\":{\"@id\":\"http:\/\/coupon.forgedistribution.com\/fr\/#breadcrumb\"},\"inLanguage\":\"fr-FR\",\"potentialAction\":[{\"@type\":\"ReadAction\",\"target\":[\"http:\/\/coupon.forgedistribution.com\/fr\/\"]}]},{\"@type\":\"BreadcrumbList\",\"@id\":\"http:\/\/coupon.forgedistribution.com\/fr\/#breadcrumb\",\"itemListElement\":[{\"@type\":\"ListItem\",\"position\":1,\"name\":\"Home\",\"item\":\"http:\/\/coupon.forgedistribution.com\/fr\/\"},{\"@type\":\"ListItem\",\"position\":2,\"name\":\"Coupon Rabais\"}]},{\"@type\":\"WebSite\",\"@id\":\"http:\/\/coupon.forgedistribution.com\/fr\/#website\",\"url\":\"http:\/\/coupon.forgedistribution.com\/fr\/\",\"name\":\"Forge Distribution\",\"description\":\"Canada&#039;s Leading Hearth Distributor - Meilleur Distributeur de Feux de Foyer au Canada\",\"potentialAction\":[{\"@type\":\"SearchAction\",\"target\":{\"@type\":\"EntryPoint\",\"urlTemplate\":\"http:\/\/coupon.forgedistribution.com\/fr\/?s={search_term_string}\"},\"query-input\":\"required name=search_term_string\"}],\"inLanguage\":\"fr-FR\"}]}<\/script>\n<!-- \/ Yoast SEO plugin. -->","yoast_head_json":{"title":"Coupon Rabais","description":"Vous \u00eates \u00e0 la recherche d'un nouveau foyer, po\u00eale ou encastrable? Cliquez ici pour recevoir un rabais de 100$ pour votre prochain achat!","robots":{"index":"index","follow":"follow","max-snippet":"max-snippet:-1","max-image-preview":"max-image-preview:large","max-video-preview":"max-video-preview:-1"},"canonical":"http:\/\/coupon.forgedistribution.com\/fr\/","og_locale":"fr_FR","og_type":"article","og_title":"Coupon Rabais","og_description":"Vous \u00eates \u00e0 la recherche d'un nouveau foyer, po\u00eale ou encastrable? Cliquez ici pour recevoir un rabais de 100$ pour votre prochain achat!","og_url":"http:\/\/coupon.forgedistribution.com\/fr\/","og_site_name":"Forge Distribution","article_modified_time":"2017-05-04T14:56:26+00:00","twitter_card":"summary_large_image","schema":{"@context":"https:\/\/schema.org","@graph":[{"@type":"WebPage","@id":"http:\/\/coupon.forgedistribution.com\/fr\/","url":"http:\/\/coupon.forgedistribution.com\/fr\/","name":"Coupon Rabais","isPartOf":{"@id":"http:\/\/coupon.forgedistribution.com\/fr\/#website"},"datePublished":"2017-02-22T18:16:49+00:00","dateModified":"2017-05-04T14:56:26+00:00","description":"Vous \u00eates \u00e0 la recherche d'un nouveau foyer, po\u00eale ou encastrable? Cliquez ici pour recevoir un rabais de 100$ pour votre prochain achat!","breadcrumb":{"@id":"http:\/\/coupon.forgedistribution.com\/fr\/#breadcrumb"},"inLanguage":"fr-FR","potentialAction":[{"@type":"ReadAction","target":["http:\/\/coupon.forgedistribution.com\/fr\/"]}]},{"@type":"BreadcrumbList","@id":"http:\/\/coupon.forgedistribution.com\/fr\/#breadcrumb","itemListElement":[{"@type":"ListItem","position":1,"name":"Home","item":"http:\/\/coupon.forgedistribution.com\/fr\/"},{"@type":"ListItem","position":2,"name":"Coupon Rabais"}]},{"@type":"WebSite","@id":"http:\/\/coupon.forgedistribution.com\/fr\/#website","url":"http:\/\/coupon.forgedistribution.com\/fr\/","name":"Forge Distribution","description":"Canada&#039;s Leading Hearth Distributor - Meilleur Distributeur de Feux de Foyer au Canada","potentialAction":[{"@type":"SearchAction","target":{"@type":"EntryPoint","urlTemplate":"http:\/\/coupon.forgedistribution.com\/fr\/?s={search_term_string}"},"query-input":"required name=search_term_string"}],"inLanguage":"fr-FR"}]}},"_links":{"self":[{"href":"http:\/\/coupon.forgedistribution.com\/fr\/wp-json\/wp\/v2\/pages\/4535"}],"collection":[{"href":"http:\/\/coupon.forgedistribution.com\/fr\/wp-json\/wp\/v2\/pages"}],"about":[{"href":"http:\/\/coupon.forgedistribution.com\/fr\/wp-json\/wp\/v2\/types\/page"}],"author":[{"embeddable":true,"href":"http:\/\/coupon.forgedistribution.com\/fr\/wp-json\/wp\/v2\/users\/1"}],"replies":[{"embeddable":true,"href":"http:\/\/coupon.forgedistribution.com\/fr\/wp-json\/wp\/v2\/comments?post=4535"}],"version-history":[{"count":1,"href":"http:\/\/coupon.forgedistribution.com\/fr\/wp-json\/wp\/v2\/pages\/4535\/revisions"}],"predecessor-version":[{"id":4536,"href":"http:\/\/coupon.forgedistribution.com\/fr\/wp-json\/wp\/v2\/pages\/4535\/revisions\/4536"}],"wp:attachment":[{"href":"http:\/\/coupon.forgedistribution.com\/fr\/wp-json\/wp\/v2\/media?parent=4535"}],"curies":[{"name":"wp","href":"https:\/\/api.w.org\/{rel}","templated":true}]}}